{"id":36,"date":"2021-09-26T18:36:50","date_gmt":"2021-09-26T18:36:50","guid":{"rendered":"https:\/\/anesteziologie-tabor.cz\/?page_id=36"},"modified":"2022-10-30T10:48:17","modified_gmt":"2022-10-30T10:48:17","slug":"cenik-sluzeb","status":"publish","type":"page","link":"http:\/\/anesteziologie-tabor.cz\/?page_id=36","title":{"rendered":"Cen\u00edk slu\u017eeb"},"content":{"rendered":"\n<p>( slu\u017eby nejsou \u2013 a\u017e na v\u00fdjimky &#8211; hrazeny zdravotn\u00edmi poji\u0161\u0165ovnami)<\/p>\n\n\n\n<p><strong>&#8211; anestezie <\/strong>(celkov\u00e1 anestezie,narkoza) :<\/p>\n\n\n\n<p><strong>1500,- K\u010d\/hod <\/strong>(\u00fa\u010dtuje se pouze \u010das anesteziologa,l\u00e9kov\u00e9 a materi\u00e1ln\u00ed vybaven\u00ed je v&nbsp;re\u017eii zdravotnick\u00e9ho za\u0159\u00edzen\u00ed)<\/p>\n\n\n\n<ul class=\"wp-block-list\"><li><strong>sedace p\u0159i v\u011bdom\u00ed<\/strong><\/li><\/ul>\n\n\n\n<p><strong>celkem 6000,-K\u010d \/hodinov\u00fd v\u00fdkon<\/strong><\/p>\n\n\n\n<p><strong>ka\u017ed\u00e1 zapo\u010dat\u00e1 hodina : + 2000,-K\u010d<\/strong><\/p>\n\n\n\n<p><strong>ka\u017ed\u00fd nav\u00edc podan\u00fd l\u00e9k : dle aktu\u00e1ln\u00ed ceny na trhu<\/strong><\/p>\n\n\n\n<p><strong>pod\u00e1n\u00ed antidota : + 2000,- K\u010d (<\/strong>cena 1 ampule flumazenilu<strong>) <\/strong>\u2013 pouze v&nbsp;p\u0159\u00edpad\u011b mimo\u0159\u00e1dn\u011b dlouh\u00e9ho (n\u011bkolikahodinov\u00e9ho) v\u00fdkonu s&nbsp;nutnost\u00ed zv\u00fd\u0161en\u00e9ho d\u00e1vkov\u00e1n\u00ed<\/p>\n\n\n\n<ul class=\"wp-block-list\"><li><strong>analgosedace p\u0159i v\u011bdom\u00ed<\/strong>                                                <strong>celkem 6000,- K\u010d \/ hod.<\/strong><\/li><\/ul>\n\n\n\n<p><strong>ka\u017ed\u00e1 zapo\u010dat\u00e1 dal\u0161\u00ed hodina : + 2000,-K\u010d<\/strong><\/p>\n\n\n\n<p><strong>ka\u017ed\u00fd nav\u00edc podan\u00fd l\u00e9k: dle aktu\u00e1ln\u00ed ceny na trhu<\/strong><\/p>\n\n\n\n<p><strong>pod\u00e1n\u00ed antidota: + 2000,- K\u010d (<\/strong>cena 1 ampule flumazenilu) \u2013 pouze v&nbsp;p\u0159\u00edpad\u011b mimo\u0159\u00e1dn\u011b dlouh\u00e9ho (n\u011bkolikahodinov\u00e9ho) v\u00fdkonu s&nbsp;nutnost\u00ed zv\u00fd\u0161en\u00e9ho d\u00e1vkov\u00e1n\u00ed<\/p>\n\n\n\n<ul class=\"wp-block-list\"><li><strong>p\u0159edopera\u010dn\u00ed anesteziologick\u00e9 vy\u0161et\u0159en\u00ed a p\u0159\u00edprava<\/strong><\/li><\/ul>\n\n\n\n<p><strong>1500,- K\u010d\/ 1 n\u00e1v\u0161t\u011bva v&nbsp;ordinaci <\/strong>( obvykl\u00fd po\u010det n\u00e1v\u0161t\u011bv 2)<\/p>\n\n\n\n<ul class=\"wp-block-list\"><li><strong>kurzy a \u0161kolen\u00ed<\/strong><\/li><\/ul>\n\n\n\n<p><strong>6000,- K\u010d <\/strong>(bez ohledu na po\u010det \u00fa\u010dastn\u00edk\u016f) + DPH<\/p>\n\n\n\n<ul class=\"wp-block-list\"><li><strong>institut rodinn\u00e9ho (osobn\u00edho) l\u00e9ka\u0159e<\/strong><\/li><\/ul>\n\n\n\n<p>platby individu\u00e1ln\u011b dle smlouvy mezi l\u00e9ka\u0159em a klientem ,m\u011bs\u00ed\u010dn\u00ed pau\u0161\u00e1ln\u00ed platba (+ n\u00e1klady) je smluvn\u00ed z\u00e1le\u017eitost\u00ed z\u00fa\u010dastn\u011bn\u00fdch stran<\/p>\n\n\n\n<ul class=\"wp-block-list\"><li>\u201e<strong>druh\u00fd n\u00e1zor\u201c<\/strong><\/li><\/ul>\n\n\n\n<p>formou elektronick\u00e9 po\u0161ty je 1 konzultace zdarma<\/p>\n\n\n\n<p>konzultace osobn\u00ed <strong>900,-K\u010d\/h<\/strong><\/p>\n\n\n\n<p>Zdravotnick\u00fd dozor: <strong> 2000,- K\u010d \/ hod.<\/strong><\/p>\n\n\n\n<p><\/p>\n\n\n\n<p><\/p>\n","protected":false},"excerpt":{"rendered":"<p>( slu\u017eby nejsou \u2013 a\u017e na v\u00fdjimky &#8211; hrazeny zdravotn\u00edmi poji\u0161\u0165ovnami) &#8211; anestezie (celkov\u00e1 anestezie,narkoza) : 1500,- K\u010d\/hod (\u00fa\u010dtuje se pouze \u010das anesteziologa,l\u00e9kov\u00e9 a materi\u00e1ln\u00ed vybaven\u00ed je v&nbsp;re\u017eii zdravotnick\u00e9ho za\u0159\u00edzen\u00ed) <a class=\"more-link\" href=\"http:\/\/anesteziologie-tabor.cz\/?page_id=36\">Continue Reading &rarr;<\/a><\/p>\n","protected":false},"author":2,"featured_media":0,"parent":0,"menu_order":0,"comment_status":"closed","ping_status":"closed","template":"","meta":{"footnotes":""},"class_list":["post-36","page","type-page","status-publish","hentry"],"_links":{"self":[{"href":"http:\/\/anesteziologie-tabor.cz\/index.php?rest_route=\/wp\/v2\/pages\/36","targetHints":{"allow":["GET"]}}],"collection":[{"href":"http:\/\/anesteziologie-tabor.cz\/index.php?rest_route=\/wp\/v2\/pages"}],"about":[{"href":"http:\/\/anesteziologie-tabor.cz\/index.php?rest_route=\/wp\/v2\/types\/page"}],"author":[{"embeddable":true,"href":"http:\/\/anesteziologie-tabor.cz\/index.php?rest_route=\/wp\/v2\/users\/2"}],"replies":[{"embeddable":true,"href":"http:\/\/anesteziologie-tabor.cz\/index.php?rest_route=%2Fwp%2Fv2%2Fcomments&post=36"}],"version-history":[{"count":7,"href":"http:\/\/anesteziologie-tabor.cz\/index.php?rest_route=\/wp\/v2\/pages\/36\/revisions"}],"predecessor-version":[{"id":67,"href":"http:\/\/anesteziologie-tabor.cz\/index.php?rest_route=\/wp\/v2\/pages\/36\/revisions\/67"}],"wp:attachment":[{"href":"http:\/\/anesteziologie-tabor.cz\/index.php?rest_route=%2Fwp%2Fv2%2Fmedia&parent=36"}],"curies":[{"name":"wp","href":"https:\/\/api.w.org\/{rel}","templated":true}]}}