{"id":13,"date":"2021-08-15T13:39:29","date_gmt":"2021-08-15T13:39:29","guid":{"rendered":"http:\/\/anesteziologie-tabor.cz\/?page_id=13"},"modified":"2022-01-09T16:32:38","modified_gmt":"2022-01-09T16:32:38","slug":"kontakt","status":"publish","type":"page","link":"https:\/\/anesteziologie-tabor.cz\/?page_id=13","title":{"rendered":"Kontakt"},"content":{"rendered":"\n<p><strong>MUDr. Milan Kratochv\u00edl<\/strong><\/p>\n\n\n\n<p>Telefon: 602 432 086<br>E-mail: mdkrat@atlas.cz<br>Web: www.anesteziologie-tabor.cz<\/p>\n\n\n\n<p>Adresa ordinace:<br>Bud\u011bjovick\u00e1 553<br>390 02 T\u00e1bor<br>(II.patro, gynekologick\u00e1 ordinace)<\/p>\n\n\n\n<p>I\u010cO: 70967245<br>DI\u010c: CZ6512270743<\/p>\n\n\n\n<ul class=\"wp-block-list\"><li>nejsou dosud stanoveny pevn\u00e9 ordina\u010dn\u00ed hodiny, anesteziolog bude p\u0159\u00edtomen pouze po telefonick\u00e9 domluv\u011b<\/li><\/ul>\n\n\n\n<ul class=\"wp-block-list\"><li>v&nbsp;pracovn\u00ed dob\u011b mo\u017enost kontaktu na tel.\u010d.: 381&nbsp;792 111 (Zdravotnick\u00e1 z\u00e1chrann\u00e1 slu\u017eba T\u00e1bor).<\/li><\/ul>\n","protected":false},"excerpt":{"rendered":"<p>MUDr. Milan Kratochv\u00edl Telefon: 602 432 086E-mail: mdkrat@atlas.czWeb: www.anesteziologie-tabor.cz Adresa ordinace:Bud\u011bjovick\u00e1 553390 02 T\u00e1bor(II.patro, gynekologick\u00e1 ordinace) I\u010cO: 70967245DI\u010c: CZ6512270743 nejsou dosud stanoveny pevn\u00e9 ordina\u010dn\u00ed hodiny, anesteziolog bude p\u0159\u00edtomen pouze po <a class=\"more-link\" href=\"https:\/\/anesteziologie-tabor.cz\/?page_id=13\">Continue Reading &rarr;<\/a><\/p>\n","protected":false},"author":2,"featured_media":0,"parent":0,"menu_order":0,"comment_status":"closed","ping_status":"closed","template":"","meta":{"footnotes":""},"class_list":["post-13","page","type-page","status-publish","hentry"],"_links":{"self":[{"href":"https:\/\/anesteziologie-tabor.cz\/index.php?rest_route=\/wp\/v2\/pages\/13","targetHints":{"allow":["GET"]}}],"collection":[{"href":"https:\/\/anesteziologie-tabor.cz\/index.php?rest_route=\/wp\/v2\/pages"}],"about":[{"href":"https:\/\/anesteziologie-tabor.cz\/index.php?rest_route=\/wp\/v2\/types\/page"}],"author":[{"embeddable":true,"href":"https:\/\/anesteziologie-tabor.cz\/index.php?rest_route=\/wp\/v2\/users\/2"}],"replies":[{"embeddable":true,"href":"https:\/\/anesteziologie-tabor.cz\/index.php?rest_route=%2Fwp%2Fv2%2Fcomments&post=13"}],"version-history":[{"count":7,"href":"https:\/\/anesteziologie-tabor.cz\/index.php?rest_route=\/wp\/v2\/pages\/13\/revisions"}],"predecessor-version":[{"id":55,"href":"https:\/\/anesteziologie-tabor.cz\/index.php?rest_route=\/wp\/v2\/pages\/13\/revisions\/55"}],"wp:attachment":[{"href":"https:\/\/anesteziologie-tabor.cz\/index.php?rest_route=%2Fwp%2Fv2%2Fmedia&parent=13"}],"curies":[{"name":"wp","href":"https:\/\/api.w.org\/{rel}","templated":true}]}}